{"id":4323,"date":"2020-06-24T14:14:04","date_gmt":"2020-06-24T14:14:04","guid":{"rendered":"https:\/\/soulteam.ee\/tule-tiimi\/"},"modified":"2022-09-12T09:20:18","modified_gmt":"2022-09-12T09:20:18","slug":"come-to-our-team","status":"publish","type":"page","link":"https:\/\/soulteam.ee\/en\/come-to-our-team\/","title":{"rendered":"Come to our team"},"content":{"rendered":"<div class=\"wpb-content-wrapper\"><p>[vc_row][vc_column width=&#8221;1\/4&#8243;][\/vc_column][vc_column width=&#8221;1\/2&#8243;][vc_single_image image=&#8221;6133&#8243; img_size=&#8221;large&#8221; alignment=&#8221;center&#8221; onclick=&#8221;custom_link&#8221; img_link_target=&#8221;_blank&#8221; link=&#8221;https:%2F%2Fsoulteam.ee%2Fwp-content%2Fuploads%2F2022%2F03%2FSoulteam_A4_tooteesitleja_3-2-1.pdf|&#8221;][vc_empty_space][\/vc_column][vc_column width=&#8221;1\/4&#8243;][\/vc_column][\/vc_row][vc_row disable_element=&#8221;yes&#8221;][vc_column width=&#8221;1\/2&#8243;][vc_single_image image=&#8221;6136&#8243; img_size=&#8221;large&#8221; alignment=&#8221;center&#8221; onclick=&#8221;custom_link&#8221; img_link_target=&#8221;_blank&#8221; link=&#8221;https:%2F%2Fsoulteam.ee%2Fwp-content%2Fuploads%2F2022%2F03%2FSoulteam_2022_tookuulutus-2.pdf|&#8221;][vc_empty_space][\/vc_column][vc_column width=&#8221;1\/2&#8243;][vc_single_image image=&#8221;6133&#8243; img_size=&#8221;large&#8221; alignment=&#8221;center&#8221; onclick=&#8221;custom_link&#8221; img_link_target=&#8221;_blank&#8221; link=&#8221;https:%2F%2Fsoulteam.ee%2Fwp-content%2Fuploads%2F2022%2F03%2FSoulteam_A4_tooteesitleja_3-2-1.pdf|&#8221;][vc_empty_space][\/vc_column][\/vc_row][vc_row][vc_column][vc_separator][vc_empty_space]<style type=\"text\/css\" data-type=\"the7_shortcodes-inline-css\">#default-btn-5f6302763d184a35eabd0a84d9623a42 {\n  border-radius: 1px;\n  font-size: 14px;\n  line-height: 16px;\n}\n.btn-shadow#default-btn-5f6302763d184a35eabd0a84d9623a42 {\n  box-shadow: 0 1px 6px rgba(0,0,0,0.12);\n  transition: box-shadow 0.2s ease-out, opacity 0.45s;\n}\n.btn-shadow#default-btn-5f6302763d184a35eabd0a84d9623a42:hover {\n  box-shadow: 0 5px 11px 0 rgba(0,0,0,0.18), 0 4px 15px 0 rgba(0,0,0,0.15);\n}\n.btn-flat#default-btn-5f6302763d184a35eabd0a84d9623a42 {\n  box-shadow: none;\n}\n.btn-flat#default-btn-5f6302763d184a35eabd0a84d9623a42:hover {\n  box-shadow: none;\n}\n#default-btn-5f6302763d184a35eabd0a84d9623a42.ico-right-side > i {\n  margin-right: 0px;\n  margin-left: 8px;\n}\n#default-btn-5f6302763d184a35eabd0a84d9623a42 > i {\n  margin-right: 8px;\n  font-size: 12px;\n}\n#default-btn-5f6302763d184a35eabd0a84d9623a42:not(:hover) {\n  border-width: 0px;\n  padding: 12px 18px 12px 18px;\n}\n#default-btn-5f6302763d184a35eabd0a84d9623a42:hover {\n  border-width: 0px;\n  padding: 12px 18px 12px 18px;\n}\n#default-btn-5f6302763d184a35eabd0a84d9623a42.ico-right-side > i {\n  margin-right: 0px;\n  margin-left: 8px;\n}\n#default-btn-5f6302763d184a35eabd0a84d9623a42 > i {\n  margin-right: 8px;\n}<\/style><div class=\"btn-align-center\"><a href=\"https:\/\/soulteam.ee\/kontakt\/\" class=\"default-btn-shortcode dt-btn link-hover-off btn-flat \" target=\"_blank\" id=\"default-btn-5f6302763d184a35eabd0a84d9623a42\" title=\"Kontakt\" rel=\"noopener\"><span>V\u00d5TA \u00dcHENDUST<\/span><\/a><\/div>[\/vc_column][\/vc_row]<\/p>\n<\/div>","protected":false},"excerpt":{"rendered":"<p>[vc_row][vc_column width=&#8221;1\/4&#8243;][\/vc_column][vc_column width=&#8221;1\/2&#8243;][vc_single_image image=&#8221;6133&#8243; img_size=&#8221;large&#8221; alignment=&#8221;center&#8221; onclick=&#8221;custom_link&#8221; img_link_target=&#8221;_blank&#8221; link=&#8221;https:%2F%2Fsoulteam.ee%2Fwp-content%2Fuploads%2F2022%2F03%2FSoulteam_A4_tooteesitleja_3-2-1.pdf|&#8221;][vc_empty_space][\/vc_column][vc_column width=&#8221;1\/4&#8243;][\/vc_column][\/vc_row][vc_row disable_element=&#8221;yes&#8221;][vc_column width=&#8221;1\/2&#8243;][vc_single_image image=&#8221;6136&#8243; img_size=&#8221;large&#8221; alignment=&#8221;center&#8221; onclick=&#8221;custom_link&#8221; img_link_target=&#8221;_blank&#8221; link=&#8221;https:%2F%2Fsoulteam.ee%2Fwp-content%2Fuploads%2F2022%2F03%2FSoulteam_2022_tookuulutus-2.pdf|&#8221;][vc_empty_space][\/vc_column][vc_column width=&#8221;1\/2&#8243;][vc_single_image image=&#8221;6133&#8243; img_size=&#8221;large&#8221; alignment=&#8221;center&#8221; onclick=&#8221;custom_link&#8221; img_link_target=&#8221;_blank&#8221; link=&#8221;https:%2F%2Fsoulteam.ee%2Fwp-content%2Fuploads%2F2022%2F03%2FSoulteam_A4_tooteesitleja_3-2-1.pdf|&#8221;][vc_empty_space][\/vc_column][\/vc_row][vc_row][vc_column][vc_separator][vc_empty_space][\/vc_column][\/vc_row]<\/p>\n","protected":false},"author":1,"featured_media":0,"parent":0,"menu_order":50,"comment_status":"closed","ping_status":"closed","template":"","meta":{"_acf_changed":false,"footnotes":""},"class_list":["post-4323","page","type-page","status-publish","hentry","description-off"],"acf":[],"yoast_head":"<!-- This site is optimized with the Yoast SEO plugin v27.4 - https:\/\/yoast.com\/product\/yoast-seo-wordpress\/ -->\n<title>\u00dcritusturundusagentuur Soulteam \/ tule meie tiimi promootoriks!<\/title>\n<meta name=\"description\" content=\"Otsime enda tiimi sageli projektip\u00f5hiselt s\u00e4ravaid toote ja teenuse esitlejaid. Anna endast m\u00e4rku, kui oled huvitatud promootori t\u00f6\u00f6st!\" \/>\n<meta name=\"robots\" content=\"index, follow, max-snippet:-1, max-image-preview:large, max-video-preview:-1\" \/>\n<link rel=\"canonical\" href=\"https:\/\/soulteam.ee\/tule-meie-tiimi\/\" \/>\n<meta property=\"og:locale\" content=\"en_US\" \/>\n<meta property=\"og:type\" content=\"article\" \/>\n<meta property=\"og:title\" content=\"\u00dcritusturundusagentuur Soulteam \/ tule meie tiimi promootoriks!\" \/>\n<meta property=\"og:description\" content=\"Otsime enda tiimi sageli projektip\u00f5hiselt s\u00e4ravaid toote ja teenuse esitlejaid. Anna endast m\u00e4rku, kui oled huvitatud promootori t\u00f6\u00f6st!\" \/>\n<meta property=\"og:url\" content=\"https:\/\/soulteam.ee\/tule-meie-tiimi\/\" \/>\n<meta property=\"og:site_name\" content=\"Soulteam\" \/>\n<meta property=\"article:publisher\" content=\"https:\/\/www.facebook.com\/soulteamevents\/\" \/>\n<meta property=\"article:modified_time\" content=\"2022-09-12T09:20:18+00:00\" \/>\n<meta name=\"twitter:card\" content=\"summary_large_image\" \/>\n<meta name=\"twitter:label1\" content=\"Est. reading time\" \/>\n\t<meta name=\"twitter:data1\" content=\"1 minute\" \/>\n<script type=\"application\/ld+json\" class=\"yoast-schema-graph\">{\"@context\":\"https:\\\/\\\/schema.org\",\"@graph\":[{\"@type\":\"WebPage\",\"@id\":\"https:\\\/\\\/soulteam.ee\\\/tule-meie-tiimi\\\/\",\"url\":\"https:\\\/\\\/soulteam.ee\\\/tule-meie-tiimi\\\/\",\"name\":\"\u00dcritusturundusagentuur Soulteam \\\/ tule meie tiimi promootoriks!\",\"isPartOf\":{\"@id\":\"https:\\\/\\\/soulteam.ee\\\/#website\"},\"datePublished\":\"2020-06-24T14:14:04+00:00\",\"dateModified\":\"2022-09-12T09:20:18+00:00\",\"description\":\"Otsime enda tiimi sageli projektip\u00f5hiselt s\u00e4ravaid toote ja teenuse esitlejaid. Anna endast m\u00e4rku, kui oled huvitatud promootori t\u00f6\u00f6st!\",\"breadcrumb\":{\"@id\":\"https:\\\/\\\/soulteam.ee\\\/tule-meie-tiimi\\\/#breadcrumb\"},\"inLanguage\":\"en-US\",\"potentialAction\":[{\"@type\":\"ReadAction\",\"target\":[\"https:\\\/\\\/soulteam.ee\\\/tule-meie-tiimi\\\/\"]}]},{\"@type\":\"BreadcrumbList\",\"@id\":\"https:\\\/\\\/soulteam.ee\\\/tule-meie-tiimi\\\/#breadcrumb\",\"itemListElement\":[{\"@type\":\"ListItem\",\"position\":1,\"name\":\"Home\",\"item\":\"https:\\\/\\\/soulteam.ee\\\/en\\\/\"},{\"@type\":\"ListItem\",\"position\":2,\"name\":\"Come to our team\"}]},{\"@type\":\"WebSite\",\"@id\":\"https:\\\/\\\/soulteam.ee\\\/#website\",\"url\":\"https:\\\/\\\/soulteam.ee\\\/\",\"name\":\"Soulteam\",\"description\":\"\",\"publisher\":{\"@id\":\"https:\\\/\\\/soulteam.ee\\\/#organization\"},\"potentialAction\":[{\"@type\":\"SearchAction\",\"target\":{\"@type\":\"EntryPoint\",\"urlTemplate\":\"https:\\\/\\\/soulteam.ee\\\/?s={search_term_string}\"},\"query-input\":{\"@type\":\"PropertyValueSpecification\",\"valueRequired\":true,\"valueName\":\"search_term_string\"}}],\"inLanguage\":\"en-US\"},{\"@type\":\"Organization\",\"@id\":\"https:\\\/\\\/soulteam.ee\\\/#organization\",\"name\":\"Soulteam O\u00dc\",\"url\":\"https:\\\/\\\/soulteam.ee\\\/\",\"logo\":{\"@type\":\"ImageObject\",\"inLanguage\":\"en-US\",\"@id\":\"https:\\\/\\\/soulteam.ee\\\/#\\\/schema\\\/logo\\\/image\\\/\",\"url\":\"https:\\\/\\\/soulteam.ee\\\/wp-content\\\/uploads\\\/2020\\\/06\\\/soulteam-logo.jpg\",\"contentUrl\":\"https:\\\/\\\/soulteam.ee\\\/wp-content\\\/uploads\\\/2020\\\/06\\\/soulteam-logo.jpg\",\"width\":404,\"height\":216,\"caption\":\"Soulteam O\u00dc\"},\"image\":{\"@id\":\"https:\\\/\\\/soulteam.ee\\\/#\\\/schema\\\/logo\\\/image\\\/\"},\"sameAs\":[\"https:\\\/\\\/www.facebook.com\\\/soulteamevents\\\/\"]}]}<\/script>\n<!-- \/ Yoast SEO plugin. -->","yoast_head_json":{"title":"\u00dcritusturundusagentuur Soulteam \/ tule meie tiimi promootoriks!","description":"Otsime enda tiimi sageli projektip\u00f5hiselt s\u00e4ravaid toote ja teenuse esitlejaid. Anna endast m\u00e4rku, kui oled huvitatud promootori t\u00f6\u00f6st!","robots":{"index":"index","follow":"follow","max-snippet":"max-snippet:-1","max-image-preview":"max-image-preview:large","max-video-preview":"max-video-preview:-1"},"canonical":"https:\/\/soulteam.ee\/tule-meie-tiimi\/","og_locale":"en_US","og_type":"article","og_title":"\u00dcritusturundusagentuur Soulteam \/ tule meie tiimi promootoriks!","og_description":"Otsime enda tiimi sageli projektip\u00f5hiselt s\u00e4ravaid toote ja teenuse esitlejaid. Anna endast m\u00e4rku, kui oled huvitatud promootori t\u00f6\u00f6st!","og_url":"https:\/\/soulteam.ee\/tule-meie-tiimi\/","og_site_name":"Soulteam","article_publisher":"https:\/\/www.facebook.com\/soulteamevents\/","article_modified_time":"2022-09-12T09:20:18+00:00","twitter_card":"summary_large_image","twitter_misc":{"Est. reading time":"1 minute"},"schema":{"@context":"https:\/\/schema.org","@graph":[{"@type":"WebPage","@id":"https:\/\/soulteam.ee\/tule-meie-tiimi\/","url":"https:\/\/soulteam.ee\/tule-meie-tiimi\/","name":"\u00dcritusturundusagentuur Soulteam \/ tule meie tiimi promootoriks!","isPartOf":{"@id":"https:\/\/soulteam.ee\/#website"},"datePublished":"2020-06-24T14:14:04+00:00","dateModified":"2022-09-12T09:20:18+00:00","description":"Otsime enda tiimi sageli projektip\u00f5hiselt s\u00e4ravaid toote ja teenuse esitlejaid. Anna endast m\u00e4rku, kui oled huvitatud promootori t\u00f6\u00f6st!","breadcrumb":{"@id":"https:\/\/soulteam.ee\/tule-meie-tiimi\/#breadcrumb"},"inLanguage":"en-US","potentialAction":[{"@type":"ReadAction","target":["https:\/\/soulteam.ee\/tule-meie-tiimi\/"]}]},{"@type":"BreadcrumbList","@id":"https:\/\/soulteam.ee\/tule-meie-tiimi\/#breadcrumb","itemListElement":[{"@type":"ListItem","position":1,"name":"Home","item":"https:\/\/soulteam.ee\/en\/"},{"@type":"ListItem","position":2,"name":"Come to our team"}]},{"@type":"WebSite","@id":"https:\/\/soulteam.ee\/#website","url":"https:\/\/soulteam.ee\/","name":"Soulteam","description":"","publisher":{"@id":"https:\/\/soulteam.ee\/#organization"},"potentialAction":[{"@type":"SearchAction","target":{"@type":"EntryPoint","urlTemplate":"https:\/\/soulteam.ee\/?s={search_term_string}"},"query-input":{"@type":"PropertyValueSpecification","valueRequired":true,"valueName":"search_term_string"}}],"inLanguage":"en-US"},{"@type":"Organization","@id":"https:\/\/soulteam.ee\/#organization","name":"Soulteam O\u00dc","url":"https:\/\/soulteam.ee\/","logo":{"@type":"ImageObject","inLanguage":"en-US","@id":"https:\/\/soulteam.ee\/#\/schema\/logo\/image\/","url":"https:\/\/soulteam.ee\/wp-content\/uploads\/2020\/06\/soulteam-logo.jpg","contentUrl":"https:\/\/soulteam.ee\/wp-content\/uploads\/2020\/06\/soulteam-logo.jpg","width":404,"height":216,"caption":"Soulteam O\u00dc"},"image":{"@id":"https:\/\/soulteam.ee\/#\/schema\/logo\/image\/"},"sameAs":["https:\/\/www.facebook.com\/soulteamevents\/"]}]}},"_links":{"self":[{"href":"https:\/\/soulteam.ee\/en\/wp-json\/wp\/v2\/pages\/4323","targetHints":{"allow":["GET"]}}],"collection":[{"href":"https:\/\/soulteam.ee\/en\/wp-json\/wp\/v2\/pages"}],"about":[{"href":"https:\/\/soulteam.ee\/en\/wp-json\/wp\/v2\/types\/page"}],"author":[{"embeddable":true,"href":"https:\/\/soulteam.ee\/en\/wp-json\/wp\/v2\/users\/1"}],"replies":[{"embeddable":true,"href":"https:\/\/soulteam.ee\/en\/wp-json\/wp\/v2\/comments?post=4323"}],"version-history":[{"count":5,"href":"https:\/\/soulteam.ee\/en\/wp-json\/wp\/v2\/pages\/4323\/revisions"}],"predecessor-version":[{"id":6236,"href":"https:\/\/soulteam.ee\/en\/wp-json\/wp\/v2\/pages\/4323\/revisions\/6236"}],"wp:attachment":[{"href":"https:\/\/soulteam.ee\/en\/wp-json\/wp\/v2\/media?parent=4323"}],"curies":[{"name":"wp","href":"https:\/\/api.w.org\/{rel}","templated":true}]}}