{"id":4321,"date":"2020-10-06T09:22:16","date_gmt":"2020-10-06T09:22:16","guid":{"rendered":"https:\/\/soulteam.ee\/triinu-toomela\/"},"modified":"2022-09-12T09:16:38","modified_gmt":"2022-09-12T09:16:38","slug":"triinu-toomela","status":"publish","type":"page","link":"https:\/\/soulteam.ee\/en\/triinu-toomela\/","title":{"rendered":"Triinu Toomela"},"content":{"rendered":"<div class=\"wpb-content-wrapper\"><p>[vc_row][vc_column width=&#8221;1\/2&#8243;][vc_single_image image=&#8221;6175&#8243; img_size=&#8221;full&#8221; alignment=&#8221;center&#8221;][\/vc_column][vc_column width=&#8221;1\/2&#8243;][vc_empty_space height=&#8221;12px&#8221;]<div id=\"ultimate-heading-155969d509e85e07c\" class=\"uvc-heading ult-adjust-bottom-margin ultimate-heading-155969d509e85e07c uvc-2670  uvc-heading-default-font-sizes\" data-hspacer=\"line_only\"  data-halign=\"left\" style=\"text-align:left\"><div class=\"uvc-main-heading ult-responsive\"  data-ultimate-target='.uvc-heading.ultimate-heading-155969d509e85e07c h3'  data-responsive-json-new='{\"font-size\":\"\",\"line-height\":\"\"}' ><h3 style=\"--font-weight:theme;color:#53565a;\">Triinu Toomela<\/h3><\/div><div class=\"uvc-heading-spacer line_only\" style=\"topheight:1px;\"><span class=\"uvc-headings-line\" style=\"border-style:solid;border-bottom-width:1px;border-color:#f4e000;width:autopx;\"><\/span><\/div><\/div>[vc_empty_space height=&#8221;12px&#8221;][vc_column_text]Triinu on Soulteam\u2019i hing ja asutaja. Soulteam\u2019i selgroog ja suunan\u00e4itaja, kontori naer ja positiivsus. Triinu on INSPIRATSIOON.<\/p>\n<p>\u00dcle 15 aasta on Triinu korraldanud s\u00fcndmusi, loonud imelisi loovlahendusi, juhtinud v\u00e4gesid ja m\u00e4gesid. Ta teeb t\u00f6\u00f6d alati hingega, \u00fclima d<span class=\"text_exposed_show\">etailit\u00e4psuse ning kannatlikkusega. Detailid ei suuda temaga sammu pidada, sest ta n\u00e4eb ette isegi seda, mida olemas veel ei ole.<\/span><\/p>\n<p>Triinu tugevaim k\u00fclg on j\u00e4\u00e4da rahulikuks ja leida lahendus &#8211; igas olukorras. Tema imelisem k\u00fclg on leida kirg ja motivatsioon &#8211; k\u00f5iges.<\/p>\n<p>Triinu on see, kes h\u00fcppab kontoris keset t\u00f6ist \u00f5hkkonda toolilt p\u00fcsti ja h\u00f5ikab laia naeratusega NIIIII TOREEEE, missest, et ta parasjagu Dropbox\u2019i korrastamisega tegeles. Pole ju oluline tegevus, oluline on enda meelestatus. Triinu energia on igas toanurgas ja iga meeskonnaliikme hinges.<\/p>\n<p>Kas oled kuulnud, kuidas Triinu r\u00e4\u00e4gib oma klientidest, s\u00fcndmustest v\u00f5i koost\u00f6\u00f6partneritest? Meie oleme, sest seda on v\u00f5imatu mitte m\u00e4rgata. Tema suhtumises on alati \u00fclim s\u00f5bralikkus ja m\u00f5istmine ning t\u00e4pselt nii teeb Triinu oma t\u00f6\u00f6d. Iga klient, s\u00fcndmus, koost\u00f6\u00f6partner v\u00f5i meeskonnaliige on hoitud, sest ta p\u00e4riselt hoolib.<\/p>\n<p>Vahest, kui tahame Triinut kohmetuna kokutama panna, siis on paslik teda nimetada \u00dclemuseks v\u00f5i Tegevjuhiks v\u00f5i Direktoriks. Need s\u00f5nad on talle nii v\u00f5\u00f5rad, et see on lausa naljakas. Nendes ametinimetustes on k\u00f5la, mis temaga kokku lihtsalt ei sobi ja millega Triinu ise samastuda ei oska. Just sellep\u00e4rast oleme Soulteam\u2019is k\u00f5ik meeskonnaliikmed, mitte \u00fclemused ega alluvad.<br \/>\nOleme \u00fcks TIIM![\/vc_column_text][\/vc_column][\/vc_row]<\/p>\n<\/div>","protected":false},"excerpt":{"rendered":"<p>[vc_row][vc_column width=&#8221;1\/2&#8243;][vc_single_image image=&#8221;6175&#8243; img_size=&#8221;full&#8221; alignment=&#8221;center&#8221;][\/vc_column][vc_column width=&#8221;1\/2&#8243;][vc_empty_space height=&#8221;12px&#8221;][vc_empty_space height=&#8221;12px&#8221;][vc_column_text]Triinu on Soulteam\u2019i hing ja asutaja. Soulteam\u2019i selgroog ja suunan\u00e4itaja, kontori naer ja positiivsus. Triinu on INSPIRATSIOON. \u00dcle 15 aasta on Triinu korraldanud s\u00fcndmusi, loonud imelisi loovlahendusi, juhtinud v\u00e4gesid ja m\u00e4gesid. Ta teeb t\u00f6\u00f6d alati hingega, \u00fclima detailit\u00e4psuse ning kannatlikkusega. Detailid ei suuda temaga sammu pidada, sest ta&hellip;<\/p>\n","protected":false},"author":2,"featured_media":0,"parent":0,"menu_order":21,"comment_status":"closed","ping_status":"closed","template":"","meta":{"_acf_changed":false,"footnotes":""},"class_list":["post-4321","page","type-page","status-publish","hentry","description-off"],"acf":[],"yoast_head":"<!-- This site is optimized with the Yoast SEO plugin v26.8 - https:\/\/yoast.com\/product\/yoast-seo-wordpress\/ -->\n<title>Triinu Toomela - Soulteam<\/title>\n<meta name=\"robots\" content=\"index, follow, max-snippet:-1, max-image-preview:large, max-video-preview:-1\" \/>\n<link rel=\"canonical\" href=\"https:\/\/soulteam.ee\/triinu-toomela\/\" \/>\n<meta property=\"og:locale\" content=\"en_US\" \/>\n<meta property=\"og:type\" content=\"article\" \/>\n<meta property=\"og:title\" content=\"Triinu Toomela - Soulteam\" \/>\n<meta property=\"og:description\" content=\"[vc_row][vc_column width=&#8221;1\/2&#8243;][vc_single_image image=&#8221;6175&#8243; img_size=&#8221;full&#8221; alignment=&#8221;center&#8221;][\/vc_column][vc_column width=&#8221;1\/2&#8243;][vc_empty_space height=&#8221;12px&#8221;][vc_empty_space height=&#8221;12px&#8221;][vc_column_text]Triinu on Soulteam\u2019i hing ja asutaja. Soulteam\u2019i selgroog ja suunan\u00e4itaja, kontori naer ja positiivsus. Triinu on INSPIRATSIOON. \u00dcle 15 aasta on Triinu korraldanud s\u00fcndmusi, loonud imelisi loovlahendusi, juhtinud v\u00e4gesid ja m\u00e4gesid. Ta teeb t\u00f6\u00f6d alati hingega, \u00fclima detailit\u00e4psuse ning kannatlikkusega. Detailid ei suuda temaga sammu pidada, sest ta&hellip;\" \/>\n<meta property=\"og:url\" content=\"https:\/\/soulteam.ee\/triinu-toomela\/\" \/>\n<meta property=\"og:site_name\" content=\"Soulteam\" \/>\n<meta property=\"article:publisher\" content=\"https:\/\/www.facebook.com\/soulteamevents\/\" \/>\n<meta property=\"article:modified_time\" content=\"2022-09-12T09:16:38+00:00\" \/>\n<meta name=\"twitter:card\" content=\"summary_large_image\" \/>\n<meta name=\"twitter:label1\" content=\"Est. reading time\" \/>\n\t<meta name=\"twitter:data1\" content=\"2 minutes\" \/>\n<script type=\"application\/ld+json\" class=\"yoast-schema-graph\">{\"@context\":\"https:\/\/schema.org\",\"@graph\":[{\"@type\":\"WebPage\",\"@id\":\"https:\/\/soulteam.ee\/triinu-toomela\/\",\"url\":\"https:\/\/soulteam.ee\/triinu-toomela\/\",\"name\":\"Triinu Toomela - Soulteam\",\"isPartOf\":{\"@id\":\"https:\/\/soulteam.ee\/#website\"},\"datePublished\":\"2020-10-06T09:22:16+00:00\",\"dateModified\":\"2022-09-12T09:16:38+00:00\",\"breadcrumb\":{\"@id\":\"https:\/\/soulteam.ee\/triinu-toomela\/#breadcrumb\"},\"inLanguage\":\"en-US\",\"potentialAction\":[{\"@type\":\"ReadAction\",\"target\":[\"https:\/\/soulteam.ee\/triinu-toomela\/\"]}]},{\"@type\":\"BreadcrumbList\",\"@id\":\"https:\/\/soulteam.ee\/triinu-toomela\/#breadcrumb\",\"itemListElement\":[{\"@type\":\"ListItem\",\"position\":1,\"name\":\"Home\",\"item\":\"https:\/\/soulteam.ee\/en\/\"},{\"@type\":\"ListItem\",\"position\":2,\"name\":\"Triinu Toomela\"}]},{\"@type\":\"WebSite\",\"@id\":\"https:\/\/soulteam.ee\/#website\",\"url\":\"https:\/\/soulteam.ee\/\",\"name\":\"Soulteam\",\"description\":\"\",\"publisher\":{\"@id\":\"https:\/\/soulteam.ee\/#organization\"},\"potentialAction\":[{\"@type\":\"SearchAction\",\"target\":{\"@type\":\"EntryPoint\",\"urlTemplate\":\"https:\/\/soulteam.ee\/?s={search_term_string}\"},\"query-input\":{\"@type\":\"PropertyValueSpecification\",\"valueRequired\":true,\"valueName\":\"search_term_string\"}}],\"inLanguage\":\"en-US\"},{\"@type\":\"Organization\",\"@id\":\"https:\/\/soulteam.ee\/#organization\",\"name\":\"Soulteam O\u00dc\",\"url\":\"https:\/\/soulteam.ee\/\",\"logo\":{\"@type\":\"ImageObject\",\"inLanguage\":\"en-US\",\"@id\":\"https:\/\/soulteam.ee\/#\/schema\/logo\/image\/\",\"url\":\"https:\/\/soulteam.ee\/wp-content\/uploads\/2020\/06\/soulteam-logo.jpg\",\"contentUrl\":\"https:\/\/soulteam.ee\/wp-content\/uploads\/2020\/06\/soulteam-logo.jpg\",\"width\":404,\"height\":216,\"caption\":\"Soulteam O\u00dc\"},\"image\":{\"@id\":\"https:\/\/soulteam.ee\/#\/schema\/logo\/image\/\"},\"sameAs\":[\"https:\/\/www.facebook.com\/soulteamevents\/\"]}]}<\/script>\n<!-- \/ Yoast SEO plugin. -->","yoast_head_json":{"title":"Triinu Toomela - Soulteam","robots":{"index":"index","follow":"follow","max-snippet":"max-snippet:-1","max-image-preview":"max-image-preview:large","max-video-preview":"max-video-preview:-1"},"canonical":"https:\/\/soulteam.ee\/triinu-toomela\/","og_locale":"en_US","og_type":"article","og_title":"Triinu Toomela - Soulteam","og_description":"[vc_row][vc_column width=&#8221;1\/2&#8243;][vc_single_image image=&#8221;6175&#8243; img_size=&#8221;full&#8221; alignment=&#8221;center&#8221;][\/vc_column][vc_column width=&#8221;1\/2&#8243;][vc_empty_space height=&#8221;12px&#8221;][vc_empty_space height=&#8221;12px&#8221;][vc_column_text]Triinu on Soulteam\u2019i hing ja asutaja. Soulteam\u2019i selgroog ja suunan\u00e4itaja, kontori naer ja positiivsus. Triinu on INSPIRATSIOON. \u00dcle 15 aasta on Triinu korraldanud s\u00fcndmusi, loonud imelisi loovlahendusi, juhtinud v\u00e4gesid ja m\u00e4gesid. Ta teeb t\u00f6\u00f6d alati hingega, \u00fclima detailit\u00e4psuse ning kannatlikkusega. Detailid ei suuda temaga sammu pidada, sest ta&hellip;","og_url":"https:\/\/soulteam.ee\/triinu-toomela\/","og_site_name":"Soulteam","article_publisher":"https:\/\/www.facebook.com\/soulteamevents\/","article_modified_time":"2022-09-12T09:16:38+00:00","twitter_card":"summary_large_image","twitter_misc":{"Est. reading time":"2 minutes"},"schema":{"@context":"https:\/\/schema.org","@graph":[{"@type":"WebPage","@id":"https:\/\/soulteam.ee\/triinu-toomela\/","url":"https:\/\/soulteam.ee\/triinu-toomela\/","name":"Triinu Toomela - Soulteam","isPartOf":{"@id":"https:\/\/soulteam.ee\/#website"},"datePublished":"2020-10-06T09:22:16+00:00","dateModified":"2022-09-12T09:16:38+00:00","breadcrumb":{"@id":"https:\/\/soulteam.ee\/triinu-toomela\/#breadcrumb"},"inLanguage":"en-US","potentialAction":[{"@type":"ReadAction","target":["https:\/\/soulteam.ee\/triinu-toomela\/"]}]},{"@type":"BreadcrumbList","@id":"https:\/\/soulteam.ee\/triinu-toomela\/#breadcrumb","itemListElement":[{"@type":"ListItem","position":1,"name":"Home","item":"https:\/\/soulteam.ee\/en\/"},{"@type":"ListItem","position":2,"name":"Triinu Toomela"}]},{"@type":"WebSite","@id":"https:\/\/soulteam.ee\/#website","url":"https:\/\/soulteam.ee\/","name":"Soulteam","description":"","publisher":{"@id":"https:\/\/soulteam.ee\/#organization"},"potentialAction":[{"@type":"SearchAction","target":{"@type":"EntryPoint","urlTemplate":"https:\/\/soulteam.ee\/?s={search_term_string}"},"query-input":{"@type":"PropertyValueSpecification","valueRequired":true,"valueName":"search_term_string"}}],"inLanguage":"en-US"},{"@type":"Organization","@id":"https:\/\/soulteam.ee\/#organization","name":"Soulteam O\u00dc","url":"https:\/\/soulteam.ee\/","logo":{"@type":"ImageObject","inLanguage":"en-US","@id":"https:\/\/soulteam.ee\/#\/schema\/logo\/image\/","url":"https:\/\/soulteam.ee\/wp-content\/uploads\/2020\/06\/soulteam-logo.jpg","contentUrl":"https:\/\/soulteam.ee\/wp-content\/uploads\/2020\/06\/soulteam-logo.jpg","width":404,"height":216,"caption":"Soulteam O\u00dc"},"image":{"@id":"https:\/\/soulteam.ee\/#\/schema\/logo\/image\/"},"sameAs":["https:\/\/www.facebook.com\/soulteamevents\/"]}]}},"_links":{"self":[{"href":"https:\/\/soulteam.ee\/en\/wp-json\/wp\/v2\/pages\/4321","targetHints":{"allow":["GET"]}}],"collection":[{"href":"https:\/\/soulteam.ee\/en\/wp-json\/wp\/v2\/pages"}],"about":[{"href":"https:\/\/soulteam.ee\/en\/wp-json\/wp\/v2\/types\/page"}],"author":[{"embeddable":true,"href":"https:\/\/soulteam.ee\/en\/wp-json\/wp\/v2\/users\/2"}],"replies":[{"embeddable":true,"href":"https:\/\/soulteam.ee\/en\/wp-json\/wp\/v2\/comments?post=4321"}],"version-history":[{"count":2,"href":"https:\/\/soulteam.ee\/en\/wp-json\/wp\/v2\/pages\/4321\/revisions"}],"predecessor-version":[{"id":6197,"href":"https:\/\/soulteam.ee\/en\/wp-json\/wp\/v2\/pages\/4321\/revisions\/6197"}],"wp:attachment":[{"href":"https:\/\/soulteam.ee\/en\/wp-json\/wp\/v2\/media?parent=4321"}],"curies":[{"name":"wp","href":"https:\/\/api.w.org\/{rel}","templated":true}]}}