{"id":4319,"date":"2020-10-06T10:33:35","date_gmt":"2020-10-06T10:33:35","guid":{"rendered":"https:\/\/soulteam.ee\/erle-allas\/"},"modified":"2022-09-12T09:16:41","modified_gmt":"2022-09-12T09:16:41","slug":"erle-allas","status":"publish","type":"page","link":"https:\/\/soulteam.ee\/en\/erle-allas\/","title":{"rendered":"Erle Allas"},"content":{"rendered":"<div class=\"wpb-content-wrapper\"><p>[vc_row][vc_column width=&#8221;1\/2&#8243;][vc_single_image image=&#8221;3662&#8243; img_size=&#8221;full&#8221; alignment=&#8221;center&#8221; onclick=&#8221;custom_link&#8221;][\/vc_column][vc_column width=&#8221;1\/2&#8243;][vc_empty_space height=&#8221;12px&#8221;]<div id=\"ultimate-heading-571969f2a15ca1a5f\" class=\"uvc-heading ult-adjust-bottom-margin ultimate-heading-571969f2a15ca1a5f uvc-2616  uvc-heading-default-font-sizes\" data-hspacer=\"line_only\"  data-halign=\"left\" style=\"text-align:left\"><div class=\"uvc-main-heading ult-responsive\"  data-ultimate-target='.uvc-heading.ultimate-heading-571969f2a15ca1a5f h3'  data-responsive-json-new='{\"font-size\":\"\",\"line-height\":\"\"}' ><h3 style=\"--font-weight:theme;color:#53565a;\">Erle Allas<\/h3><\/div><div class=\"uvc-heading-spacer line_only\" style=\"topheight:1px;\"><span class=\"uvc-headings-line\" style=\"border-style:solid;border-bottom-width:1px;border-color:#f4e000;width:autopx;\"><\/span><\/div><\/div>[vc_empty_space height=&#8221;12px&#8221;][vc_column_text]Erle on nagu aarete laegas, kes avab end tasa ja targu, alati seal kus sobilik ning vajalik.\u00a0N\u00fc\u00fcdseks on juba selgeks saanud, et Erlega peab eelnevalt koosk\u00f5lastama K\u00d5IK, mis puudutab ettev\u00f5tte arendamist ja sisulist poolt. Tuleb v\u00e4lja, et ta on oma noore elu jooksul j\u00f5udnud juba saja asjaga tegeleda ning igasugustel aladel kogemusi omandada. Olgu selleks siis uue t\u00f6\u00f6taja v\u00e4rbamine, ettev\u00f5tte kodulehe<span class=\"text_exposed_show\"> \u00fcles ehitamine, pressiteadete koostamine v\u00f5i m\u00f5ni muu asi, mis n\u00f5uab meie arust suhteliselt spetsiifilisi teadmisi. Aga siis tuleb Erle ja \u00fctleb: &#8220;Ma olen seda varem teinud ja teen selle ise \u00e4ra!&#8221; Vot nii \u00e4ge tegelane ta meil ongi!\u00a0<\/span><\/p>\n<div class=\"text_exposed_show\">\n<p>Erle toimetab peamiselt Soulteami &#8220;k\u00f6\u00f6gipoolega&#8221; ehk hoolitseb talle omase p\u00f5hjalikkuse ning positiivsusega selle eest, et ettev\u00f5tte sisesed asjad toimiksid. Samas panustab ta taustaj\u00f5una ka erinevate projektide \u00f5nnestumisse.<\/p>\n<p>\u00dchel hetkel otsisime oma tiimi abilist paariks kuuks. Siis tuli Erle ja t\u00f5i kaasa nii palju teadmisi, oskusi, t\u00f6\u00f6kust, kohusetunnet ja meiega \u00fchtivaid v\u00e4\u00e4rtusi, et paarist kuust on t\u00e4naseks saanud oluliselt rohkem ning me tunneme siiani, kuidas saame \u00fcksteist t\u00e4iendades ja koos panustades kasvada ning maailma paremaks muuta.<\/p>\n<p>Erle on ehtekunstnik. Ta on pannud oma hinge ja s\u00fcdame \u00fcli\u00e4geda Woodmoon accessories br\u00e4ndi loomisesse ning valmistab k\u00f5ik ehted algusest l\u00f5puni k\u00e4sit\u00f6\u00f6na ise. Puit on tema KIRG!<\/p>\n<p>Erle \u00f5petab meile, kuidas unistused t\u00e4ituvad! \u00dchel hommikul arutatud ehte kavand v\u00f5i ettev\u00f5tte paremaks toimimiseks lendu lastud m\u00f5te on j\u00e4rgmise p\u00e4eva hommikuks juba \u00e4ra korraldatud ning reaalseks asjaks formuleeritud. Tegutsemine on tema loomuses ja niisama istuda ta ei suuda.<\/p>\n<p>Lisaks k\u00f5igele on Erlel annet v\u00e4ga h\u00e4sti kirjutada ja seet\u00f5ttu on just tema vastutav k\u00f5igi meie sotsiaalmeedia postituste eest, mille vahendusel on ka Sinul v\u00f5imalik temaga igap\u00e4evaselt kohtuda. Erandiks muidugi k\u00e4esolev postitus.<\/p>\n<\/div>\n<p>[\/vc_column_text][\/vc_column][\/vc_row]<\/p>\n<\/div>","protected":false},"excerpt":{"rendered":"<p>[vc_row][vc_column width=&#8221;1\/2&#8243;][vc_single_image image=&#8221;3662&#8243; img_size=&#8221;full&#8221; alignment=&#8221;center&#8221; onclick=&#8221;custom_link&#8221;][\/vc_column][vc_column width=&#8221;1\/2&#8243;][vc_empty_space height=&#8221;12px&#8221;][vc_empty_space height=&#8221;12px&#8221;][vc_column_text]Erle on nagu aarete laegas, kes avab end tasa ja targu, alati seal kus sobilik ning vajalik.\u00a0N\u00fc\u00fcdseks on juba selgeks saanud, et Erlega peab eelnevalt koosk\u00f5lastama K\u00d5IK, mis puudutab ettev\u00f5tte arendamist ja sisulist poolt. Tuleb v\u00e4lja, et ta on oma noore elu jooksul j\u00f5udnud juba saja asjaga&hellip;<\/p>\n","protected":false},"author":2,"featured_media":0,"parent":0,"menu_order":22,"comment_status":"closed","ping_status":"closed","template":"","meta":{"_acf_changed":false,"footnotes":""},"class_list":["post-4319","page","type-page","status-publish","hentry","description-off"],"acf":[],"yoast_head":"<!-- This site is optimized with the Yoast SEO plugin v27.4 - https:\/\/yoast.com\/product\/yoast-seo-wordpress\/ -->\n<title>Erle Allas - Soulteam<\/title>\n<meta name=\"robots\" content=\"index, follow, max-snippet:-1, max-image-preview:large, max-video-preview:-1\" \/>\n<link rel=\"canonical\" href=\"https:\/\/soulteam.ee\/erle-allas\/\" \/>\n<meta property=\"og:locale\" content=\"en_US\" \/>\n<meta property=\"og:type\" content=\"article\" \/>\n<meta property=\"og:title\" content=\"Erle Allas - Soulteam\" \/>\n<meta property=\"og:description\" content=\"[vc_row][vc_column width=&#8221;1\/2&#8243;][vc_single_image image=&#8221;3662&#8243; img_size=&#8221;full&#8221; alignment=&#8221;center&#8221; onclick=&#8221;custom_link&#8221;][\/vc_column][vc_column width=&#8221;1\/2&#8243;][vc_empty_space height=&#8221;12px&#8221;][vc_empty_space height=&#8221;12px&#8221;][vc_column_text]Erle on nagu aarete laegas, kes avab end tasa ja targu, alati seal kus sobilik ning vajalik.\u00a0N\u00fc\u00fcdseks on juba selgeks saanud, et Erlega peab eelnevalt koosk\u00f5lastama K\u00d5IK, mis puudutab ettev\u00f5tte arendamist ja sisulist poolt. Tuleb v\u00e4lja, et ta on oma noore elu jooksul j\u00f5udnud juba saja asjaga&hellip;\" \/>\n<meta property=\"og:url\" content=\"https:\/\/soulteam.ee\/erle-allas\/\" \/>\n<meta property=\"og:site_name\" content=\"Soulteam\" \/>\n<meta property=\"article:publisher\" content=\"https:\/\/www.facebook.com\/soulteamevents\/\" \/>\n<meta property=\"article:modified_time\" content=\"2022-09-12T09:16:41+00:00\" \/>\n<meta name=\"twitter:card\" content=\"summary_large_image\" \/>\n<meta name=\"twitter:label1\" content=\"Est. reading time\" \/>\n\t<meta name=\"twitter:data1\" content=\"2 minutes\" \/>\n<script type=\"application\/ld+json\" class=\"yoast-schema-graph\">{\"@context\":\"https:\\\/\\\/schema.org\",\"@graph\":[{\"@type\":\"WebPage\",\"@id\":\"https:\\\/\\\/soulteam.ee\\\/erle-allas\\\/\",\"url\":\"https:\\\/\\\/soulteam.ee\\\/erle-allas\\\/\",\"name\":\"Erle Allas - Soulteam\",\"isPartOf\":{\"@id\":\"https:\\\/\\\/soulteam.ee\\\/#website\"},\"datePublished\":\"2020-10-06T10:33:35+00:00\",\"dateModified\":\"2022-09-12T09:16:41+00:00\",\"breadcrumb\":{\"@id\":\"https:\\\/\\\/soulteam.ee\\\/erle-allas\\\/#breadcrumb\"},\"inLanguage\":\"en-US\",\"potentialAction\":[{\"@type\":\"ReadAction\",\"target\":[\"https:\\\/\\\/soulteam.ee\\\/erle-allas\\\/\"]}]},{\"@type\":\"BreadcrumbList\",\"@id\":\"https:\\\/\\\/soulteam.ee\\\/erle-allas\\\/#breadcrumb\",\"itemListElement\":[{\"@type\":\"ListItem\",\"position\":1,\"name\":\"Home\",\"item\":\"https:\\\/\\\/soulteam.ee\\\/en\\\/\"},{\"@type\":\"ListItem\",\"position\":2,\"name\":\"Erle Allas\"}]},{\"@type\":\"WebSite\",\"@id\":\"https:\\\/\\\/soulteam.ee\\\/#website\",\"url\":\"https:\\\/\\\/soulteam.ee\\\/\",\"name\":\"Soulteam\",\"description\":\"\",\"publisher\":{\"@id\":\"https:\\\/\\\/soulteam.ee\\\/#organization\"},\"potentialAction\":[{\"@type\":\"SearchAction\",\"target\":{\"@type\":\"EntryPoint\",\"urlTemplate\":\"https:\\\/\\\/soulteam.ee\\\/?s={search_term_string}\"},\"query-input\":{\"@type\":\"PropertyValueSpecification\",\"valueRequired\":true,\"valueName\":\"search_term_string\"}}],\"inLanguage\":\"en-US\"},{\"@type\":\"Organization\",\"@id\":\"https:\\\/\\\/soulteam.ee\\\/#organization\",\"name\":\"Soulteam O\u00dc\",\"url\":\"https:\\\/\\\/soulteam.ee\\\/\",\"logo\":{\"@type\":\"ImageObject\",\"inLanguage\":\"en-US\",\"@id\":\"https:\\\/\\\/soulteam.ee\\\/#\\\/schema\\\/logo\\\/image\\\/\",\"url\":\"https:\\\/\\\/soulteam.ee\\\/wp-content\\\/uploads\\\/2020\\\/06\\\/soulteam-logo.jpg\",\"contentUrl\":\"https:\\\/\\\/soulteam.ee\\\/wp-content\\\/uploads\\\/2020\\\/06\\\/soulteam-logo.jpg\",\"width\":404,\"height\":216,\"caption\":\"Soulteam O\u00dc\"},\"image\":{\"@id\":\"https:\\\/\\\/soulteam.ee\\\/#\\\/schema\\\/logo\\\/image\\\/\"},\"sameAs\":[\"https:\\\/\\\/www.facebook.com\\\/soulteamevents\\\/\"]}]}<\/script>\n<!-- \/ Yoast SEO plugin. -->","yoast_head_json":{"title":"Erle Allas - Soulteam","robots":{"index":"index","follow":"follow","max-snippet":"max-snippet:-1","max-image-preview":"max-image-preview:large","max-video-preview":"max-video-preview:-1"},"canonical":"https:\/\/soulteam.ee\/erle-allas\/","og_locale":"en_US","og_type":"article","og_title":"Erle Allas - Soulteam","og_description":"[vc_row][vc_column width=&#8221;1\/2&#8243;][vc_single_image image=&#8221;3662&#8243; img_size=&#8221;full&#8221; alignment=&#8221;center&#8221; onclick=&#8221;custom_link&#8221;][\/vc_column][vc_column width=&#8221;1\/2&#8243;][vc_empty_space height=&#8221;12px&#8221;][vc_empty_space height=&#8221;12px&#8221;][vc_column_text]Erle on nagu aarete laegas, kes avab end tasa ja targu, alati seal kus sobilik ning vajalik.\u00a0N\u00fc\u00fcdseks on juba selgeks saanud, et Erlega peab eelnevalt koosk\u00f5lastama K\u00d5IK, mis puudutab ettev\u00f5tte arendamist ja sisulist poolt. Tuleb v\u00e4lja, et ta on oma noore elu jooksul j\u00f5udnud juba saja asjaga&hellip;","og_url":"https:\/\/soulteam.ee\/erle-allas\/","og_site_name":"Soulteam","article_publisher":"https:\/\/www.facebook.com\/soulteamevents\/","article_modified_time":"2022-09-12T09:16:41+00:00","twitter_card":"summary_large_image","twitter_misc":{"Est. reading time":"2 minutes"},"schema":{"@context":"https:\/\/schema.org","@graph":[{"@type":"WebPage","@id":"https:\/\/soulteam.ee\/erle-allas\/","url":"https:\/\/soulteam.ee\/erle-allas\/","name":"Erle Allas - Soulteam","isPartOf":{"@id":"https:\/\/soulteam.ee\/#website"},"datePublished":"2020-10-06T10:33:35+00:00","dateModified":"2022-09-12T09:16:41+00:00","breadcrumb":{"@id":"https:\/\/soulteam.ee\/erle-allas\/#breadcrumb"},"inLanguage":"en-US","potentialAction":[{"@type":"ReadAction","target":["https:\/\/soulteam.ee\/erle-allas\/"]}]},{"@type":"BreadcrumbList","@id":"https:\/\/soulteam.ee\/erle-allas\/#breadcrumb","itemListElement":[{"@type":"ListItem","position":1,"name":"Home","item":"https:\/\/soulteam.ee\/en\/"},{"@type":"ListItem","position":2,"name":"Erle Allas"}]},{"@type":"WebSite","@id":"https:\/\/soulteam.ee\/#website","url":"https:\/\/soulteam.ee\/","name":"Soulteam","description":"","publisher":{"@id":"https:\/\/soulteam.ee\/#organization"},"potentialAction":[{"@type":"SearchAction","target":{"@type":"EntryPoint","urlTemplate":"https:\/\/soulteam.ee\/?s={search_term_string}"},"query-input":{"@type":"PropertyValueSpecification","valueRequired":true,"valueName":"search_term_string"}}],"inLanguage":"en-US"},{"@type":"Organization","@id":"https:\/\/soulteam.ee\/#organization","name":"Soulteam O\u00dc","url":"https:\/\/soulteam.ee\/","logo":{"@type":"ImageObject","inLanguage":"en-US","@id":"https:\/\/soulteam.ee\/#\/schema\/logo\/image\/","url":"https:\/\/soulteam.ee\/wp-content\/uploads\/2020\/06\/soulteam-logo.jpg","contentUrl":"https:\/\/soulteam.ee\/wp-content\/uploads\/2020\/06\/soulteam-logo.jpg","width":404,"height":216,"caption":"Soulteam O\u00dc"},"image":{"@id":"https:\/\/soulteam.ee\/#\/schema\/logo\/image\/"},"sameAs":["https:\/\/www.facebook.com\/soulteamevents\/"]}]}},"_links":{"self":[{"href":"https:\/\/soulteam.ee\/en\/wp-json\/wp\/v2\/pages\/4319","targetHints":{"allow":["GET"]}}],"collection":[{"href":"https:\/\/soulteam.ee\/en\/wp-json\/wp\/v2\/pages"}],"about":[{"href":"https:\/\/soulteam.ee\/en\/wp-json\/wp\/v2\/types\/page"}],"author":[{"embeddable":true,"href":"https:\/\/soulteam.ee\/en\/wp-json\/wp\/v2\/users\/2"}],"replies":[{"embeddable":true,"href":"https:\/\/soulteam.ee\/en\/wp-json\/wp\/v2\/comments?post=4319"}],"version-history":[{"count":1,"href":"https:\/\/soulteam.ee\/en\/wp-json\/wp\/v2\/pages\/4319\/revisions"}],"predecessor-version":[{"id":4320,"href":"https:\/\/soulteam.ee\/en\/wp-json\/wp\/v2\/pages\/4319\/revisions\/4320"}],"wp:attachment":[{"href":"https:\/\/soulteam.ee\/en\/wp-json\/wp\/v2\/media?parent=4319"}],"curies":[{"name":"wp","href":"https:\/\/api.w.org\/{rel}","templated":true}]}}